 {"id":2,"date":"2023-11-29T09:28:14","date_gmt":"2023-11-29T08:28:14","guid":{"rendered":"http:\/\/lortodi.villafrancescapeschici.it\/?page_id=2"},"modified":"2024-05-23T19:24:18","modified_gmt":"2024-05-23T17:24:18","slug":"orto-di-villa-francesca","status":"publish","type":"page","link":"https:\/\/lortodi.villafrancescapeschici.it\/","title":{"rendered":"Home"},"content":{"rendered":"\n<style type=\"text\/css\" data-created_by=\"avia_inline_auto\" id=\"style-css-av-lptj8vyz-ca50d364586e453ce8b49fbaf4eae22f\">\n.avia-section.av-lptj8vyz-ca50d364586e453ce8b49fbaf4eae22f{\nbackground-repeat:no-repeat;\nbackground-image:url(https:\/\/lortodi.villafrancescapeschici.it\/wp-content\/uploads\/2023\/12\/1699451721031.jpg);\nbackground-position:50% 50%;\nbackground-attachment:scroll;\n}\n<\/style>\n<div id='av_section_1'  class='avia-section av-lptj8vyz-ca50d364586e453ce8b49fbaf4eae22f main_color avia-section-default avia-no-border-styling  avia-builder-el-0  el_before_av_one_fifth  avia-builder-el-first  avia-full-stretch avia-bg-style-scroll av-minimum-height av-minimum-height-75 av-height-75  container_wrap fullsize'  data-section-bg-repeat='stretch' data-av_minimum_height_pc='75' data-av_min_height_opt='75'><div class='container av-section-cont-open' ><main  role=\"main\" itemprop=\"mainContentOfPage\"  class='template-page content  av-content-full alpha units'><div class='post-entry post-entry-type-page post-entry-2'><div class='entry-content-wrapper clearfix'><\/div><\/div><\/main><!-- close content main element --><\/div><\/div><div id='after_section_1'  class='main_color av_default_container_wrap container_wrap fullsize'  ><div class='container av-section-cont-open' ><div class='template-page content  av-content-full alpha units'><div class='post-entry post-entry-type-page post-entry-2'><div class='entry-content-wrapper clearfix'>\n<div  class='flex_column av-6o0c-f5533a2dbccc58162051f21cd711c8ca av_one_fifth  avia-builder-el-1  el_after_av_section  el_before_av_three_fifth  avia-builder-el-first  first flex_column_div  '     ><\/div>\n<div  class='flex_column av-l8i-b53c74f07864d6c82170b325668f387d av_three_fifth  avia-builder-el-2  el_after_av_one_fifth  el_before_av_one_fifth  flex_column_div  '     ><section  class='av_textblock_section av-lpsratan-2f333d35be72826b910de8620f33d74e '   itemscope=\"itemscope\" itemtype=\"https:\/\/schema.org\/CreativeWork\" ><div class='avia_textblock'  itemprop=\"text\" ><p>L\u2019<strong>Orto di Villa Francesca<\/strong> racchiude: Tradizione e Amore per la propria terra, che la famiglia <strong>Vecera<\/strong> tramanda \u00a0di generazione in generazione.<\/p>\n<p>Le nostre coltivazioni di ortaggi, sono frutto di secoli di esperienza , approcciandosi alle novit\u00e0 ma restando sempre incollati alla tradizione.<\/p>\n<p>Viviamo tutt\u2019ora in una realt\u00e0 non meccanizzata, in un orto Biologico, seguendo la stagionalit\u00e0 dei prodotti.<\/p>\n<p>Rocco Elia Emanuele Vecera, pi\u00f9 comunemente conosciuto come Elia, appartenente alla terza generazione della fam. Vecera, ha portato una grande svolta all\u2019attivit\u00e0.<\/p>\n<p>Diventando imprenditore agricolo, ha aperto nel 2021 il suo Punto Vendita a Peschici, facendo conoscere i propri prodotti ad un pubblico pi\u00f9 esteso.<\/p>\n<p>Nel 2022, con la sua grande passione verso il mondo culinario, ha pensato che, il cliente, oltre a conoscere il prodotto visivamente, ne doveva scoprire la bont\u00e0 e cos\u00ec ha creato, direttamente nell\u2019orto , un angolo di paradiso con tende e vari gazebi, dove il cliente, con il \u201ccassettino\u201d, ha la\u00a0 possibilit\u00e0 di degustare\u00a0 le delizie di stagione proprio circondato dagli stessi ortaggi.<\/p>\n<p>Il nostro obbiettivo \u00e8 quello di far avvicinare grandi e piccoli a questa realt\u00e0 priva di tecnologia, facendo s\u00ec che tutti conoscano il valore della biodiversit\u00e0.<\/p>\n<\/div><\/section><\/div><div  class='flex_column av-40qm-6d32a1e0e94134919a7eafe7c15b093b av_one_fifth  avia-builder-el-4  el_after_av_three_fifth  el_before_av_heading  flex_column_div  '     ><\/div><\/p>\n\n<style type=\"text\/css\" data-created_by=\"avia_inline_auto\" id=\"style-css-av-aeq2-8e2037c5a9854b8c7d9501e9cb1c5f53\">\n#top .av-special-heading.av-aeq2-8e2037c5a9854b8c7d9501e9cb1c5f53{\npadding-bottom:10px;\ncolor:#527263;\n}\nbody .av-special-heading.av-aeq2-8e2037c5a9854b8c7d9501e9cb1c5f53 .av-special-heading-tag .heading-char{\nfont-size:25px;\n}\n.av-special-heading.av-aeq2-8e2037c5a9854b8c7d9501e9cb1c5f53 .special-heading-inner-border{\nborder-color:#527263;\n}\n.av-special-heading.av-aeq2-8e2037c5a9854b8c7d9501e9cb1c5f53 .av-subheading{\nfont-size:15px;\n}\n<\/style>\n<div  class='av-special-heading av-aeq2-8e2037c5a9854b8c7d9501e9cb1c5f53 av-special-heading-h3 custom-color-heading  avia-builder-el-5  el_after_av_one_fifth  el_before_av_one_half '><h3 class='av-special-heading-tag'  itemprop=\"headline\"  >Ortoloano Lab<\/h3><div class=\"special-heading-border\"><div class=\"special-heading-inner-border\"><\/div><\/div><\/div>\n<div  class='flex_column av-ahbe-7b927887a4a824cd697a5bb2d7dc4ac4 av_one_half  avia-builder-el-6  el_after_av_heading  el_before_av_one_half  first flex_column_div  '     ><style type=\"text\/css\" data-created_by=\"avia_inline_auto\" id=\"style-css-av-lptlevpo-ee4be22b1808aaba78a10b807cb7bb81\">\n.avia-image-container.av-lptlevpo-ee4be22b1808aaba78a10b807cb7bb81 img.avia_image{\nbox-shadow:none;\n}\n.avia-image-container.av-lptlevpo-ee4be22b1808aaba78a10b807cb7bb81 .av-image-caption-overlay-center{\ncolor:#ffffff;\n}\n<\/style>\n<div  class='avia-image-container av-lptlevpo-ee4be22b1808aaba78a10b807cb7bb81 av-styling- avia-align-center  avia-builder-el-7  avia-builder-el-no-sibling '   itemprop=\"image\" itemscope=\"itemscope\" itemtype=\"https:\/\/schema.org\/ImageObject\" ><div class=\"avia-image-container-inner\"><div class=\"avia-image-overlay-wrap\"><img decoding=\"async\" fetchpriority=\"high\" class='wp-image-32 avia-img-lazy-loading-not-32 avia_image ' src=\"https:\/\/lortodi.villafrancescapeschici.it\/wp-content\/uploads\/2023\/12\/1699451720983.jpg\" alt='' title='1699451720983'  height=\"1024\" width=\"768\"  itemprop=\"thumbnailUrl\" srcset=\"https:\/\/lortodi.villafrancescapeschici.it\/wp-content\/uploads\/2023\/12\/1699451720983.jpg 768w, https:\/\/lortodi.villafrancescapeschici.it\/wp-content\/uploads\/2023\/12\/1699451720983-225x300.jpg 225w, https:\/\/lortodi.villafrancescapeschici.it\/wp-content\/uploads\/2023\/12\/1699451720983-529x705.jpg 529w\" sizes=\"(max-width: 768px) 100vw, 768px\" \/><\/div><\/div><\/div><\/div><div  class='flex_column av-7boa-877cc91d990667d59cffe0fd9c25973e av_one_half  avia-builder-el-8  el_after_av_one_half  el_before_av_heading  flex_column_div  '     ><p>\n<style type=\"text\/css\" data-created_by=\"avia_inline_auto\" id=\"style-css-av-lw0y6g9t-d92bb14b7c14b33f0bede2519f61c163\">\n#top .togglecontainer.av-lw0y6g9t-d92bb14b7c14b33f0bede2519f61c163 p.toggler{\ncolor:#527263;\nborder-color:#527263;\n}\n#top .togglecontainer.av-lw0y6g9t-d92bb14b7c14b33f0bede2519f61c163 p.toggler .toggle_icon{\ncolor:#527263;\nborder-color:#527263;\n}\n#top .togglecontainer.av-lw0y6g9t-d92bb14b7c14b33f0bede2519f61c163 .toggle_wrap .toggle_content{\ncolor:#527263;\nborder-color:#527263;\n}\n<\/style>\n<div  class='togglecontainer av-lw0y6g9t-d92bb14b7c14b33f0bede2519f61c163 av-minimal-toggle  avia-builder-el-9  el_before_av_button  avia-builder-el-first  toggle_close_all' >\n<section class='av_toggle_section av-lw0y50eh-c1fc1f61059761d051efdc8391aac150'  itemscope=\"itemscope\" itemtype=\"https:\/\/schema.org\/CreativeWork\" ><div role=\"tablist\" class=\"single_toggle\" data-tags=\"{Tutto} \"  ><p data-fake-id='#toggle-id-1' class='toggler   av-inherit-font-color hasCustomColor av-inherit-border-color'  itemprop=\"headline\"  role='tab' tabindex='0' aria-controls='toggle-id-1'>PUNTI SALIENTI DELL\u2018ATTIVITA\u2019:<span class=\"toggle_icon\"><span class=\"vert_icon\"><\/span><span class=\"hor_icon\"><\/span><\/span><\/p><div id='toggle-id-1' class='toggle_wrap  '  ><div class='toggle_content invers-color av-inherit-font-color hasCustomColor av-inherit-border-color'  itemprop=\"text\" ><p>&#8211;\u00a0 \u00a0\u00a0Scopri e impara il ciclo della biodiversit\u00e0 delle piante.<\/p>\n<p>&#8211;\u00a0 \u00a0\u00a0Arricchisci il tuo bagaglio con un&#8217;esperienza unica<\/p>\n<p>&#8211;\u00a0\u00a0Resterete estasiati dalla bellezza della tradizione della nostra azienda agricola.<\/p>\n<\/div><\/div><\/div><\/section>\n<section class='av_toggle_section av-lw0y50eh-1-649ae4582e324cc642a09134d5b01158'  itemscope=\"itemscope\" itemtype=\"https:\/\/schema.org\/CreativeWork\" ><div role=\"tablist\" class=\"single_toggle\" data-tags=\"{Tutto} \"  ><p data-fake-id='#toggle-id-2' class='toggler   av-inherit-font-color hasCustomColor av-inherit-border-color'  itemprop=\"headline\"  role='tab' tabindex='0' aria-controls='toggle-id-2'>DESCRIZIONE COMPLETA DELL\u2018ATTIVITA\u2019.<span class=\"toggle_icon\"><span class=\"vert_icon\"><\/span><span class=\"hor_icon\"><\/span><\/span><\/p><div id='toggle-id-2' class='toggle_wrap  '  ><div class='toggle_content invers-color av-inherit-font-color hasCustomColor av-inherit-border-color'  itemprop=\"text\" ><p>&#8220;<strong>L&#8217;ORTOLANO LAB<\/strong>&#8221; lavorerai e praticherai l&#8217;attivit\u00e0 a stretto contatto con la terra.<\/p>\n<p>Una volta arrivato nella nostra struttura ci dirigeremo nell&#8217;orto.<\/p>\n<p>Scoprirai la nostra storia e i segreti nascosti dietro ogni pianta.<\/p>\n<p>Dalla semina al raccolto rivivrai i ritmi del passato di un agricoltore, scoprirai tecniche e metodi di un&#8217;attivit\u00e0 non meccanizzata in un orto Biologico, dove si segue la stagionalit\u00e0 dei prodotti.<\/p>\n<p>Divertiti ad esplorare, scavare a mani nude e raccogliere ci\u00f2 che \u00e8 di stagione. Al termine dell&#8217;attivit\u00e0, creerai il souvenir che porterai con te a casa.<\/p>\n<p>Vivrai un&#8217;esperienza unica e diversa dal solito e, quando tornerai a casa, nel tuo bagaglio di vita potrai dire di: Essere stato un Contadino.<\/p>\n<\/div><\/div><\/div><\/section>\n<\/div><br \/>\n<div  class='avia-button-wrap av-lw0yg8v1-cb5ffea0b580ec58c6498d6bf9c258df-wrap avia-button-center  avia-builder-el-10  el_after_av_toggle_container  avia-builder-el-last '><a href='https:\/\/lortodi.villafrancescapeschici.it\/index.php\/esperienza-ortolano-lab\/'  class='avia-button av-lw0yg8v1-cb5ffea0b580ec58c6498d6bf9c258df avia-icon_select-no avia-size-large avia-position-center avia-color-theme-color'  ><span class='avia_iconbox_title' >Prenota la tua esperienza<\/span><\/a><\/div><\/p><\/div>\n<style type=\"text\/css\" data-created_by=\"avia_inline_auto\" id=\"style-css-av-lptlbeij-7f4318fea7af21b2497d2bbd54f27c67\">\n#top .av-special-heading.av-lptlbeij-7f4318fea7af21b2497d2bbd54f27c67{\npadding-bottom:10px;\ncolor:#527263;\n}\nbody .av-special-heading.av-lptlbeij-7f4318fea7af21b2497d2bbd54f27c67 .av-special-heading-tag .heading-char{\nfont-size:25px;\n}\n.av-special-heading.av-lptlbeij-7f4318fea7af21b2497d2bbd54f27c67 .special-heading-inner-border{\nborder-color:#527263;\n}\n.av-special-heading.av-lptlbeij-7f4318fea7af21b2497d2bbd54f27c67 .av-subheading{\nfont-size:15px;\n}\n<\/style>\n<div  class='av-special-heading av-lptlbeij-7f4318fea7af21b2497d2bbd54f27c67 av-special-heading-h3 custom-color-heading  avia-builder-el-11  el_after_av_one_half  el_before_av_contact '><h3 class='av-special-heading-tag'  itemprop=\"headline\"  >Richiedi informazione<\/h3><div class=\"special-heading-border\"><div class=\"special-heading-inner-border\"><\/div><\/div><\/div><\/p>\n<form action=\"https:\/\/lortodi.villafrancescapeschici.it\/\" method=\"post\" data-fields-with-error=\"Sono stati riscontrati errori nei seguenti campi:\" class=\"avia_ajax_form av-form-labels-hidden   avia-builder-el-12  el_after_av_heading  avia-builder-el-last   \" data-avia-form-id=\"1\" data-avia-redirect='' ><fieldset><p class='  first_form  form_element form_fullwidth' id='element_avia_1_1'><label for=\"avia_1_1\">Nome <abbr class=\"required\" title=\"richiesto\">*<\/abbr><\/label> <input name=\"avia_1_1\" class=\"text_input is_empty\" type=\"text\" id=\"avia_1_1\" value=\"\"  placeholder='Nome*'\/><\/p><p class='  first_form  form_element form_fullwidth' id='element_avia_2_1'><label for=\"avia_2_1\">E-Mail <abbr class=\"required\" title=\"richiesto\">*<\/abbr><\/label> <input name=\"avia_2_1\" class=\"text_input is_email\" type=\"text\" id=\"avia_2_1\" value=\"\"  placeholder='E-Mail*'\/><\/p><p class='  first_form  form_element form_fullwidth' id='element_avia_3_1'><label for=\"avia_3_1\">Categoria <abbr class=\"required\" title=\"richiesto\">*<\/abbr><\/label><select  name=\"avia_3_1\" class=\"select is_empty\" id=\"avia_3_1\"><option class=\"av-placeholder\" disabled=\"disabled\" selected=\"selected\" value=''>Categoria*<\/option><option   value='Degustazione'>Degustazione<\/option><option   value='AperiNic'>AperiNic<\/option><option   value='Merenda'>Merenda<\/option><option   value='Esperienze'>Esperienze<\/option><option   value='Spedizione prodotti'>Spedizione prodotti<\/option><\/select><\/p><p class='  first_form  form_element form_fullwidth av-last-visible-form-element' id='element_avia_4_1'><label for=\"avia_4_1\" class=\"textare_label hidden textare_label_avia_4_1\">Messaggio <abbr class=\"required\" title=\"richiesto\">*<\/abbr><\/label><textarea  placeholder='Messaggio*' name=\"avia_4_1\" class=\"text_area is_empty\" cols=\"40\" rows=\"7\" id=\"avia_4_1\" ><\/textarea><\/p><p class=\"hidden\"><input type=\"text\" name=\"avia_5_1\" class=\"hidden \" id=\"avia_5_1\" value=\"\" \/><\/p><p class=\"form_element \"><input type=\"hidden\" value=\"1\" name=\"avia_generated_form1\" \/><input type=\"submit\" value=\"INVIA\" class=\"button\"  data-sending-label=\"Invio\"\/><\/p><\/fieldset><\/form><div id=\"ajaxresponse_1\" class=\"ajaxresponse ajaxresponse_1 hidden\"><\/div>\n","protected":false},"excerpt":{"rendered":"","protected":false},"author":1,"featured_media":0,"parent":0,"menu_order":0,"comment_status":"closed","ping_status":"open","template":"","meta":{"_monsterinsights_skip_tracking":false,"_monsterinsights_sitenote_active":false,"_monsterinsights_sitenote_note":"","_monsterinsights_sitenote_category":0,"_joinchat":[],"footnotes":""},"aioseo_notices":[],"yoast_head":"<!-- This site is optimized with the Yoast SEO plugin v22.6 - https:\/\/yoast.com\/wordpress\/plugins\/seo\/ -->\n<title>Orto Di Villa Francesca<\/title>\n<meta name=\"description\" content=\"L\u2019Orto di Villa Francesca racchiude: Tradizione e Amore per la propria terra, che la famiglia Vecera tramanda di generazione in generazione.\" \/>\n<meta name=\"robots\" content=\"index, follow, max-snippet:-1, max-image-preview:large, max-video-preview:-1\" \/>\n<link rel=\"canonical\" href=\"https:\/\/lortodi.villafrancescapeschici.it\/index.php\/orto-di-villa-francesca\/\" \/>\n<meta property=\"og:locale\" content=\"it_IT\" \/>\n<meta property=\"og:type\" content=\"article\" \/>\n<meta property=\"og:title\" content=\"Orto Di Villa Francesca\" \/>\n<meta property=\"og:description\" content=\"L\u2019Orto di Villa Francesca racchiude: Tradizione e Amore per la propria terra, che la famiglia Vecera tramanda di generazione in generazione.\" \/>\n<meta property=\"og:url\" content=\"https:\/\/lortodi.villafrancescapeschici.it\/index.php\/orto-di-villa-francesca\/\" \/>\n<meta property=\"og:site_name\" content=\"Orto Di Villa Francesca\" \/>\n<meta property=\"article:modified_time\" content=\"2024-05-23T17:24:18+00:00\" \/>\n<meta name=\"twitter:card\" content=\"summary_large_image\" \/>\n<meta name=\"twitter:label1\" content=\"Tempo di lettura stimato\" \/>\n\t<meta name=\"twitter:data1\" content=\"3 minuti\" \/>\n<script type=\"application\/ld+json\" class=\"yoast-schema-graph\">{\"@context\":\"https:\/\/schema.org\",\"@graph\":[{\"@type\":\"WebPage\",\"@id\":\"https:\/\/lortodi.villafrancescapeschici.it\/index.php\/orto-di-villa-francesca\/\",\"url\":\"https:\/\/lortodi.villafrancescapeschici.it\/index.php\/orto-di-villa-francesca\/\",\"name\":\"Orto Di Villa Francesca\",\"isPartOf\":{\"@id\":\"https:\/\/lortodi.villafrancescapeschici.it\/#website\"},\"datePublished\":\"2023-11-29T08:28:14+00:00\",\"dateModified\":\"2024-05-23T17:24:18+00:00\",\"description\":\"L\u2019Orto di Villa Francesca racchiude: Tradizione e Amore per la propria terra, che la famiglia Vecera tramanda di generazione in generazione.\",\"breadcrumb\":{\"@id\":\"https:\/\/lortodi.villafrancescapeschici.it\/index.php\/orto-di-villa-francesca\/#breadcrumb\"},\"inLanguage\":\"it-IT\",\"potentialAction\":[{\"@type\":\"ReadAction\",\"target\":[\"https:\/\/lortodi.villafrancescapeschici.it\/index.php\/orto-di-villa-francesca\/\"]}]},{\"@type\":\"BreadcrumbList\",\"@id\":\"https:\/\/lortodi.villafrancescapeschici.it\/index.php\/orto-di-villa-francesca\/#breadcrumb\",\"itemListElement\":[{\"@type\":\"ListItem\",\"position\":1,\"name\":\"Home\",\"item\":\"https:\/\/lortodi.villafrancescapeschici.it\/index.php\/orto-di-villa-francesca\/\"},{\"@type\":\"ListItem\",\"position\":2,\"name\":\"Home\"}]},{\"@type\":\"WebSite\",\"@id\":\"https:\/\/lortodi.villafrancescapeschici.it\/#website\",\"url\":\"https:\/\/lortodi.villafrancescapeschici.it\/\",\"name\":\"Orto Di Villa Francesca\",\"description\":\"\",\"potentialAction\":[{\"@type\":\"SearchAction\",\"target\":{\"@type\":\"EntryPoint\",\"urlTemplate\":\"https:\/\/lortodi.villafrancescapeschici.it\/?s={search_term_string}\"},\"query-input\":\"required name=search_term_string\"}],\"inLanguage\":\"it-IT\"}]}<\/script>\n<!-- \/ Yoast SEO plugin. -->","yoast_head_json":{"title":"Orto Di Villa Francesca","description":"L\u2019Orto di Villa Francesca racchiude: Tradizione e Amore per la propria terra, che la famiglia Vecera tramanda di generazione in generazione.","robots":{"index":"index","follow":"follow","max-snippet":"max-snippet:-1","max-image-preview":"max-image-preview:large","max-video-preview":"max-video-preview:-1"},"canonical":"https:\/\/lortodi.villafrancescapeschici.it\/index.php\/orto-di-villa-francesca\/","og_locale":"it_IT","og_type":"article","og_title":"Orto Di Villa Francesca","og_description":"L\u2019Orto di Villa Francesca racchiude: Tradizione e Amore per la propria terra, che la famiglia Vecera tramanda di generazione in generazione.","og_url":"https:\/\/lortodi.villafrancescapeschici.it\/index.php\/orto-di-villa-francesca\/","og_site_name":"Orto Di Villa Francesca","article_modified_time":"2024-05-23T17:24:18+00:00","twitter_card":"summary_large_image","twitter_misc":{"Tempo di lettura stimato":"3 minuti"},"schema":{"@context":"https:\/\/schema.org","@graph":[{"@type":"WebPage","@id":"https:\/\/lortodi.villafrancescapeschici.it\/index.php\/orto-di-villa-francesca\/","url":"https:\/\/lortodi.villafrancescapeschici.it\/index.php\/orto-di-villa-francesca\/","name":"Orto Di Villa Francesca","isPartOf":{"@id":"https:\/\/lortodi.villafrancescapeschici.it\/#website"},"datePublished":"2023-11-29T08:28:14+00:00","dateModified":"2024-05-23T17:24:18+00:00","description":"L\u2019Orto di Villa Francesca racchiude: Tradizione e Amore per la propria terra, che la famiglia Vecera tramanda di generazione in generazione.","breadcrumb":{"@id":"https:\/\/lortodi.villafrancescapeschici.it\/index.php\/orto-di-villa-francesca\/#breadcrumb"},"inLanguage":"it-IT","potentialAction":[{"@type":"ReadAction","target":["https:\/\/lortodi.villafrancescapeschici.it\/index.php\/orto-di-villa-francesca\/"]}]},{"@type":"BreadcrumbList","@id":"https:\/\/lortodi.villafrancescapeschici.it\/index.php\/orto-di-villa-francesca\/#breadcrumb","itemListElement":[{"@type":"ListItem","position":1,"name":"Home","item":"https:\/\/lortodi.villafrancescapeschici.it\/index.php\/orto-di-villa-francesca\/"},{"@type":"ListItem","position":2,"name":"Home"}]},{"@type":"WebSite","@id":"https:\/\/lortodi.villafrancescapeschici.it\/#website","url":"https:\/\/lortodi.villafrancescapeschici.it\/","name":"Orto Di Villa Francesca","description":"","potentialAction":[{"@type":"SearchAction","target":{"@type":"EntryPoint","urlTemplate":"https:\/\/lortodi.villafrancescapeschici.it\/?s={search_term_string}"},"query-input":"required name=search_term_string"}],"inLanguage":"it-IT"}]}},"_links":{"self":[{"href":"https:\/\/lortodi.villafrancescapeschici.it\/index.php\/wp-json\/wp\/v2\/pages\/2"}],"collection":[{"href":"https:\/\/lortodi.villafrancescapeschici.it\/index.php\/wp-json\/wp\/v2\/pages"}],"about":[{"href":"https:\/\/lortodi.villafrancescapeschici.it\/index.php\/wp-json\/wp\/v2\/types\/page"}],"author":[{"embeddable":true,"href":"https:\/\/lortodi.villafrancescapeschici.it\/index.php\/wp-json\/wp\/v2\/users\/1"}],"replies":[{"embeddable":true,"href":"https:\/\/lortodi.villafrancescapeschici.it\/index.php\/wp-json\/wp\/v2\/comments?post=2"}],"version-history":[{"count":23,"href":"https:\/\/lortodi.villafrancescapeschici.it\/index.php\/wp-json\/wp\/v2\/pages\/2\/revisions"}],"predecessor-version":[{"id":145,"href":"https:\/\/lortodi.villafrancescapeschici.it\/index.php\/wp-json\/wp\/v2\/pages\/2\/revisions\/145"}],"wp:attachment":[{"href":"https:\/\/lortodi.villafrancescapeschici.it\/index.php\/wp-json\/wp\/v2\/media?parent=2"}],"curies":[{"name":"wp","href":"https:\/\/api.w.org\/{rel}","templated":true}]}}